{"id":121,"date":"2023-03-29T07:24:16","date_gmt":"2023-03-29T07:24:16","guid":{"rendered":"https:\/\/wp1.themevibrant.com\/newwp\/buildnox2\/?page_id=121"},"modified":"2024-10-17T21:21:32","modified_gmt":"2024-10-17T21:21:32","slug":"progettazione","status":"publish","type":"page","link":"https:\/\/hypro.kykos.it\/index.php\/progettazione\/","title":{"rendered":"Progettazione"},"content":{"rendered":"\t\t<div data-elementor-type=\"wp-page\" data-elementor-id=\"121\" class=\"elementor elementor-121\">\n\t\t\t\t\t\t<section class=\"elementor-section elementor-top-section elementor-element elementor-element-8e5f9f6 elementor-section-full_width elementor-section-height-default elementor-section-height-default\" data-id=\"8e5f9f6\" data-element_type=\"section\" data-settings=\"{&quot;background_background&quot;:&quot;classic&quot;}\">\n\t\t\t\t\t\t<div class=\"elementor-container elementor-column-gap-default\">\n\t\t\t\t\t<div class=\"elementor-column elementor-col-100 elementor-top-column elementor-element elementor-element-d82bf9d\" data-id=\"d82bf9d\" data-element_type=\"column\">\n\t\t\t<div class=\"elementor-widget-wrap elementor-element-populated\">\n\t\t\t\t\t\t<section class=\"elementor-section elementor-inner-section elementor-element elementor-element-00f282a elementor-section-boxed elementor-section-height-default elementor-section-height-default\" data-id=\"00f282a\" data-element_type=\"section\">\n\t\t\t\t\t\t<div class=\"elementor-container elementor-column-gap-default\">\n\t\t\t\t\t<div class=\"elementor-column elementor-col-100 elementor-inner-column elementor-element elementor-element-a08742f\" data-id=\"a08742f\" data-element_type=\"column\">\n\t\t\t<div class=\"elementor-widget-wrap elementor-element-populated\">\n\t\t\t\t\t\t<div class=\"elementor-element elementor-element-3c3eb13 elementor-widget elementor-widget-buildnox_hero_title\" data-id=\"3c3eb13\" data-element_type=\"widget\" data-widget_type=\"buildnox_hero_title.default\">\n\t\t\t\t<div class=\"elementor-widget-container\">\n\t\t\t    \r\n        \r\n    <div class=\"build-title-wrap\">\r\n                <h6 class=\"te-bn-subtitle theme-color ff_sec fw_bold tt_u fs_14 ls_1 mb_15\"><span class=\"te-bn-subtitle_line w_30 h_2 theme-bg mr_10 d_iblock v_middle\"><\/span>Ambiti di Progettazione<\/h6>\r\n\t\t\t\t\t\r\n\t\t        <div class=\"main____title \">\r\n\t\t\t<h2 class=\"fw_black fs_45 mb_20 te-bn-title buildnox-size-default\">Competenza, Innovazione e Sostenibilit\u00e0<\/h2>        <\/div>\r\n                \r\n\t\t            \r\n\t\t<p class=\"mb_50 fs_18 te-bn-text\">La nostra societ\u00e0 opera in diversi settori della progettazione, offrendo soluzioni integrate che spaziano dall\u2019ingegneria e gestione ambientale fino all\u2019architettura e urbanistica. Grazie a un approccio multidisciplinare, ci occupiamo di <strong>ingegneria integrata<\/strong>, progettazione in ambito <strong>ambientale e paesaggistico<\/strong>, pianificazione <strong>architettonica e urbanistica<\/strong> e applicazione della metodologia <strong>BIM (Building Information Modeling)<\/strong> per garantire controllo, qualit\u00e0 e sostenibilit\u00e0 a ogni progetto. Ogni intervento \u00e8 pensato per rispondere alle esigenze del cliente, tenendo sempre in considerazione l\u2019impatto sull\u2019ambiente e il contesto territoriale.<\/p>\r\n            <\/div>   \r\n    \r\n    \t\t<\/div>\n\t\t\t\t<\/div>\n\t\t\t\t<div class=\"elementor-element elementor-element-649a1ae elementor-widget elementor-widget-spacer\" data-id=\"649a1ae\" data-element_type=\"widget\" data-widget_type=\"spacer.default\">\n\t\t\t\t<div class=\"elementor-widget-container\">\n\t\t\t\t\t<div class=\"elementor-spacer\">\n\t\t\t<div class=\"elementor-spacer-inner\"><\/div>\n\t\t<\/div>\n\t\t\t\t<\/div>\n\t\t\t\t<\/div>\n\t\t<div class=\"elementor-element elementor-element-45abd65 e-grid e-con-boxed e-con e-parent\" data-id=\"45abd65\" data-element_type=\"container\">\n\t\t\t\t\t<div class=\"e-con-inner\">\n\t\t\t\t<div class=\"elementor-element elementor-element-a69c8cf elementor-widget elementor-widget-buildnox_float_image\" data-id=\"a69c8cf\" data-element_type=\"widget\" data-settings=\"{&quot;buildnox_layout_margin_mobile&quot;:{&quot;unit&quot;:&quot;px&quot;,&quot;top&quot;:&quot;-47&quot;,&quot;right&quot;:&quot;3&quot;,&quot;bottom&quot;:&quot;0&quot;,&quot;left&quot;:&quot;-25&quot;,&quot;isLinked&quot;:false},&quot;buildnox_layout_padding_mobile&quot;:{&quot;unit&quot;:&quot;px&quot;,&quot;top&quot;:&quot;22&quot;,&quot;right&quot;:&quot;23&quot;,&quot;bottom&quot;:&quot;321&quot;,&quot;left&quot;:&quot;34&quot;,&quot;isLinked&quot;:false},&quot;buildnox_layout_margin&quot;:{&quot;unit&quot;:&quot;px&quot;,&quot;top&quot;:&quot;&quot;,&quot;right&quot;:&quot;&quot;,&quot;bottom&quot;:&quot;&quot;,&quot;left&quot;:&quot;&quot;,&quot;isLinked&quot;:true},&quot;buildnox_layout_margin_tablet&quot;:{&quot;unit&quot;:&quot;px&quot;,&quot;top&quot;:&quot;&quot;,&quot;right&quot;:&quot;&quot;,&quot;bottom&quot;:&quot;&quot;,&quot;left&quot;:&quot;&quot;,&quot;isLinked&quot;:true},&quot;buildnox_layout_padding&quot;:{&quot;unit&quot;:&quot;px&quot;,&quot;top&quot;:&quot;&quot;,&quot;right&quot;:&quot;&quot;,&quot;bottom&quot;:&quot;&quot;,&quot;left&quot;:&quot;&quot;,&quot;isLinked&quot;:true},&quot;buildnox_layout_padding_tablet&quot;:{&quot;unit&quot;:&quot;px&quot;,&quot;top&quot;:&quot;&quot;,&quot;right&quot;:&quot;&quot;,&quot;bottom&quot;:&quot;&quot;,&quot;left&quot;:&quot;&quot;,&quot;isLinked&quot;:true}}\" data-widget_type=\"buildnox_float_image.default\">\n\t\t\t\t<div class=\"elementor-widget-container\">\n\t\t\t        \n    <div class=\"image-block-1 p_relative pb_30 build-image-section\">\n        <img decoding=\"async\" src=\"https:\/\/hypro.kykos.it\/wp-content\/uploads\/2024\/10\/servizio_ingint.jpg\" alt=\"Awesome Image\">\n                <div class=\"p_40 pr_35 pt_45 bg_primary text-block-3\">\n            <h4 class=\"c_light fs_28 fw_bold mb_10 experience-title\">Ingegneria Integrata<\/h4>            <p class=\"c_light mb_15\">HYpro S.r.l. offre consulenza, progettazione e direzione lavori integrando ogni componente. <\/p>            <a href=\"https:\/\/hypro.kykos.it\/index.php\/ingegneria-integrata\/\" class=\"ff_sec fw_bold tt_u fs_14 ls_1\">Approfondisci +<\/a>        <\/div>\n            <\/div>\n    \n        \t\t<\/div>\n\t\t\t\t<\/div>\n\t\t\t\t<div class=\"elementor-element elementor-element-f5fc677 elementor-widget elementor-widget-buildnox_float_image\" data-id=\"f5fc677\" data-element_type=\"widget\" data-settings=\"{&quot;buildnox_layout_margin_mobile&quot;:{&quot;unit&quot;:&quot;px&quot;,&quot;top&quot;:&quot;-47&quot;,&quot;right&quot;:&quot;3&quot;,&quot;bottom&quot;:&quot;0&quot;,&quot;left&quot;:&quot;-25&quot;,&quot;isLinked&quot;:false},&quot;buildnox_layout_padding_mobile&quot;:{&quot;unit&quot;:&quot;px&quot;,&quot;top&quot;:&quot;22&quot;,&quot;right&quot;:&quot;23&quot;,&quot;bottom&quot;:&quot;321&quot;,&quot;left&quot;:&quot;34&quot;,&quot;isLinked&quot;:false},&quot;buildnox_layout_margin&quot;:{&quot;unit&quot;:&quot;px&quot;,&quot;top&quot;:&quot;&quot;,&quot;right&quot;:&quot;&quot;,&quot;bottom&quot;:&quot;&quot;,&quot;left&quot;:&quot;&quot;,&quot;isLinked&quot;:true},&quot;buildnox_layout_margin_tablet&quot;:{&quot;unit&quot;:&quot;px&quot;,&quot;top&quot;:&quot;&quot;,&quot;right&quot;:&quot;&quot;,&quot;bottom&quot;:&quot;&quot;,&quot;left&quot;:&quot;&quot;,&quot;isLinked&quot;:true},&quot;buildnox_layout_padding&quot;:{&quot;unit&quot;:&quot;px&quot;,&quot;top&quot;:&quot;&quot;,&quot;right&quot;:&quot;&quot;,&quot;bottom&quot;:&quot;&quot;,&quot;left&quot;:&quot;&quot;,&quot;isLinked&quot;:true},&quot;buildnox_layout_padding_tablet&quot;:{&quot;unit&quot;:&quot;px&quot;,&quot;top&quot;:&quot;&quot;,&quot;right&quot;:&quot;&quot;,&quot;bottom&quot;:&quot;&quot;,&quot;left&quot;:&quot;&quot;,&quot;isLinked&quot;:true}}\" data-widget_type=\"buildnox_float_image.default\">\n\t\t\t\t<div class=\"elementor-widget-container\">\n\t\t\t        \n    <div class=\"image-block-1 p_relative pb_30 build-image-section\">\n        <img decoding=\"async\" src=\"https:\/\/hypro.kykos.it\/wp-content\/uploads\/2024\/10\/servizio_ambiente.jpg\" alt=\"Awesome Image\">\n                <div class=\"p_40 pr_35 pt_45 bg_primary text-block-3\">\n            <h4 class=\"c_light fs_28 fw_bold mb_10 experience-title\">Ambiente e paesaggio<\/h4>            <p class=\"c_light mb_15\">HYpro S.r.l. progetta con attenzione a ambiente, paesaggio e integrazione nel territorio. <\/p>            <a href=\"https:\/\/hypro.kykos.it\/index.php\/ambiente-e-paesaggio\/\" class=\"ff_sec fw_bold tt_u fs_14 ls_1\">Approfondisci +<\/a>        <\/div>\n            <\/div>\n    \n        \t\t<\/div>\n\t\t\t\t<\/div>\n\t\t\t\t<div class=\"elementor-element elementor-element-940bad8 elementor-widget elementor-widget-buildnox_float_image\" data-id=\"940bad8\" data-element_type=\"widget\" data-settings=\"{&quot;buildnox_layout_margin_mobile&quot;:{&quot;unit&quot;:&quot;px&quot;,&quot;top&quot;:&quot;-47&quot;,&quot;right&quot;:&quot;3&quot;,&quot;bottom&quot;:&quot;0&quot;,&quot;left&quot;:&quot;-25&quot;,&quot;isLinked&quot;:false},&quot;buildnox_layout_padding_mobile&quot;:{&quot;unit&quot;:&quot;px&quot;,&quot;top&quot;:&quot;122&quot;,&quot;right&quot;:&quot;23&quot;,&quot;bottom&quot;:&quot;321&quot;,&quot;left&quot;:&quot;34&quot;,&quot;isLinked&quot;:false},&quot;buildnox_layout_margin&quot;:{&quot;unit&quot;:&quot;px&quot;,&quot;top&quot;:&quot;&quot;,&quot;right&quot;:&quot;&quot;,&quot;bottom&quot;:&quot;&quot;,&quot;left&quot;:&quot;&quot;,&quot;isLinked&quot;:true},&quot;buildnox_layout_margin_tablet&quot;:{&quot;unit&quot;:&quot;px&quot;,&quot;top&quot;:&quot;&quot;,&quot;right&quot;:&quot;&quot;,&quot;bottom&quot;:&quot;&quot;,&quot;left&quot;:&quot;&quot;,&quot;isLinked&quot;:true},&quot;buildnox_layout_padding&quot;:{&quot;unit&quot;:&quot;px&quot;,&quot;top&quot;:&quot;&quot;,&quot;right&quot;:&quot;&quot;,&quot;bottom&quot;:&quot;&quot;,&quot;left&quot;:&quot;&quot;,&quot;isLinked&quot;:true},&quot;buildnox_layout_padding_tablet&quot;:{&quot;unit&quot;:&quot;px&quot;,&quot;top&quot;:&quot;&quot;,&quot;right&quot;:&quot;&quot;,&quot;bottom&quot;:&quot;&quot;,&quot;left&quot;:&quot;&quot;,&quot;isLinked&quot;:true}}\" data-widget_type=\"buildnox_float_image.default\">\n\t\t\t\t<div class=\"elementor-widget-container\">\n\t\t\t        \n    <div class=\"image-block-1 p_relative pb_30 build-image-section\">\n        <img decoding=\"async\" src=\"https:\/\/hypro.kykos.it\/wp-content\/uploads\/2024\/10\/servizio_arceurb.jpg\" alt=\"Awesome Image\">\n                <div class=\"p_40 pr_35 pt_45 bg_primary text-block-3\">\n            <h4 class=\"c_light fs_28 fw_bold mb_10 experience-title\">Architettura e Urbanistica<\/h4>            <p class=\"c_light mb_15\">HYpro S.r.l. \u00e8 attiva in architettura, progettazione urbana e pianificazione territoriale. <\/p>            <a href=\"https:\/\/hypro.kykos.it\/index.php\/architettura-e-urbanistica\/\" class=\"ff_sec fw_bold tt_u fs_14 ls_1\">Approfondisci +<\/a>        <\/div>\n            <\/div>\n    \n        \t\t<\/div>\n\t\t\t\t<\/div>\n\t\t\t\t<div class=\"elementor-element elementor-element-8ff3603 elementor-widget elementor-widget-buildnox_float_image\" data-id=\"8ff3603\" data-element_type=\"widget\" data-settings=\"{&quot;buildnox_layout_margin_mobile&quot;:{&quot;unit&quot;:&quot;px&quot;,&quot;top&quot;:&quot;-47&quot;,&quot;right&quot;:&quot;3&quot;,&quot;bottom&quot;:&quot;0&quot;,&quot;left&quot;:&quot;-25&quot;,&quot;isLinked&quot;:false},&quot;buildnox_layout_padding_mobile&quot;:{&quot;unit&quot;:&quot;px&quot;,&quot;top&quot;:&quot;22&quot;,&quot;right&quot;:&quot;23&quot;,&quot;bottom&quot;:&quot;286&quot;,&quot;left&quot;:&quot;34&quot;,&quot;isLinked&quot;:false},&quot;buildnox_layout_margin&quot;:{&quot;unit&quot;:&quot;px&quot;,&quot;top&quot;:&quot;&quot;,&quot;right&quot;:&quot;&quot;,&quot;bottom&quot;:&quot;&quot;,&quot;left&quot;:&quot;&quot;,&quot;isLinked&quot;:true},&quot;buildnox_layout_margin_tablet&quot;:{&quot;unit&quot;:&quot;px&quot;,&quot;top&quot;:&quot;&quot;,&quot;right&quot;:&quot;&quot;,&quot;bottom&quot;:&quot;&quot;,&quot;left&quot;:&quot;&quot;,&quot;isLinked&quot;:true},&quot;buildnox_layout_padding&quot;:{&quot;unit&quot;:&quot;px&quot;,&quot;top&quot;:&quot;&quot;,&quot;right&quot;:&quot;&quot;,&quot;bottom&quot;:&quot;&quot;,&quot;left&quot;:&quot;&quot;,&quot;isLinked&quot;:true},&quot;buildnox_layout_padding_tablet&quot;:{&quot;unit&quot;:&quot;px&quot;,&quot;top&quot;:&quot;&quot;,&quot;right&quot;:&quot;&quot;,&quot;bottom&quot;:&quot;&quot;,&quot;left&quot;:&quot;&quot;,&quot;isLinked&quot;:true}}\" data-widget_type=\"buildnox_float_image.default\">\n\t\t\t\t<div class=\"elementor-widget-container\">\n\t\t\t        \n    <div class=\"image-block-1 p_relative pb_30 build-image-section\">\n        <img decoding=\"async\" src=\"https:\/\/hypro.kykos.it\/wp-content\/uploads\/2024\/10\/servizio_bim.jpg\" alt=\"Awesome Image\">\n                <div class=\"p_40 pr_35 pt_45 bg_primary text-block-3\">\n            <h4 class=\"c_light fs_28 fw_bold mb_10 experience-title\">BIM<br>&nbsp;<\/h4>            <p class=\"c_light mb_15\">HYpro S.r.l. fornisce consulenza e gestione per infrastrutture di trasporto e risorse ambientali. <\/p>            <a href=\"https:\/\/hypro.kykos.it\/index.php\/bim\/\" class=\"ff_sec fw_bold tt_u fs_14 ls_1\">Approfondisci +<\/a>        <\/div>\n            <\/div>\n    \n        \t\t<\/div>\n\t\t\t\t<\/div>\n\t\t\t\t\t<\/div>\n\t\t\t\t<\/div>\n\t\t\t\t\t<\/div>\n\t\t<\/div>\n\t\t\t\t\t<\/div>\n\t\t<\/section>\n\t\t\t\t\t<\/div>\n\t\t<\/div>\n\t\t\t\t\t<\/div>\n\t\t<\/section>\n\t\t\t\t<\/div>\n\t\t","protected":false},"excerpt":{"rendered":"<p>Ambiti di Progettazione Competenza, Innovazione e Sostenibilit\u00e0 La nostra societ\u00e0 opera in diversi settori della progettazione, offrendo soluzioni integrate che spaziano dall\u2019ingegneria e gestione ambientale fino all\u2019architettura e urbanistica. Grazie a un approccio multidisciplinare, ci occupiamo di ingegneria integrata, progettazione in ambito ambientale e paesaggistico, pianificazione architettonica e urbanistica e applicazione della metodologia BIM (Building [&hellip;]<\/p>\n","protected":false},"author":1,"featured_media":0,"parent":0,"menu_order":0,"comment_status":"closed","ping_status":"closed","template":"tpl-default-elementor.php","meta":{"footnotes":""},"class_list":["post-121","page","type-page","status-publish","hentry"],"_links":{"self":[{"href":"https:\/\/hypro.kykos.it\/index.php\/wp-json\/wp\/v2\/pages\/121","targetHints":{"allow":["GET"]}}],"collection":[{"href":"https:\/\/hypro.kykos.it\/index.php\/wp-json\/wp\/v2\/pages"}],"about":[{"href":"https:\/\/hypro.kykos.it\/index.php\/wp-json\/wp\/v2\/types\/page"}],"author":[{"embeddable":true,"href":"https:\/\/hypro.kykos.it\/index.php\/wp-json\/wp\/v2\/users\/1"}],"replies":[{"embeddable":true,"href":"https:\/\/hypro.kykos.it\/index.php\/wp-json\/wp\/v2\/comments?post=121"}],"version-history":[{"count":58,"href":"https:\/\/hypro.kykos.it\/index.php\/wp-json\/wp\/v2\/pages\/121\/revisions"}],"predecessor-version":[{"id":17069,"href":"https:\/\/hypro.kykos.it\/index.php\/wp-json\/wp\/v2\/pages\/121\/revisions\/17069"}],"wp:attachment":[{"href":"https:\/\/hypro.kykos.it\/index.php\/wp-json\/wp\/v2\/media?parent=121"}],"curies":[{"name":"wp","href":"https:\/\/api.w.org\/{rel}","templated":true}]}}